{"id":17133,"date":"2024-12-08T22:36:03","date_gmt":"2024-12-08T19:36:03","guid":{"rendered":"https:\/\/dominotekstil.com.tr\/?page_id=17133"},"modified":"2024-12-08T22:45:28","modified_gmt":"2024-12-08T19:45:28","slug":"prosedur-dokumanlari","status":"publish","type":"page","link":"https:\/\/dominotekstil.com.tr\/en\/prosedur-dokumanlari\/","title":{"rendered":"Mission &#038; Vision"},"content":{"rendered":"<p>[vc_row equal_height=&#8221;yes&#8221; bg_type=&#8221;image&#8221; parallax_style=&#8221;vcpb-vz-jquery&#8221; bg_image_new=&#8221;id^15295|url^http:\/\/seninlegercekolur.com\/wp-content\/uploads\/2017\/06\/hr-everyday-copy2.jpg|caption^null|alt^null|title^hr everyday copy2|description^null&#8221; bg_image_repeat=&#8221;no-repeat&#8221; bg_override=&#8221;ex-full&#8221; margin_bottom=&#8221;10&#8243; type=&#8221;vc_default&#8221; css=&#8221;.vc_custom_1498742338284{padding-top: 70px !important;padding-bottom: 40px !important;}&#8221;][vc_column css=&#8221;.vc_custom_1490185790032{padding-bottom: 70px !important;}&#8221;]<div id=\"ultimate-heading-946869d28e544cfe8\" class=\"uvc-heading ult-adjust-bottom-margin ultimate-heading-946869d28e544cfe8 uvc-3756 \" data-hspacer=\"line_only\"  data-halign=\"center\" style=\"text-align:center\"><div class=\"uvc-main-heading ult-responsive\"  data-ultimate-target='.uvc-heading.ultimate-heading-946869d28e544cfe8 h2'  data-responsive-json-new='{\"font-size\":\"desktop:30px;\",\"line-height\":\"desktop:40px;\"}' ><h2 style=\"font-weight:bold;margin-bottom:15px;\">Muhbir Mekanizmas\u0131 Prosed\u00fcru<\/h2><\/div><div class=\"uvc-heading-spacer line_only\" style=\"margin-bottom:35px;height:3px;\"><span class=\"uvc-headings-line\" style=\"border-style:solid;border-bottom-width:3px;border-color:#e62449;width:100px;\"><\/span><\/div><\/div>[\/vc_column][\/vc_row][vc_row equal_height=&#8221;yes&#8221; bg_type=&#8221;image&#8221; parallax_style=&#8221;vcpb-vz-jquery&#8221; bg_image_new=&#8221;id^15295|url^http:\/\/seninlegercekolur.com\/wp-content\/uploads\/2017\/06\/hr-everyday-copy2.jpg|caption^null|alt^null|title^hr everyday copy2|description^null&#8221; bg_image_repeat=&#8221;no-repeat&#8221; bg_override=&#8221;ex-full&#8221; margin_bottom=&#8221;10&#8243; type=&#8221;vc_default&#8221; css=&#8221;.vc_custom_1498742338284{padding-top: 70px !important;padding-bottom: 40px !important;}&#8221;][vc_column css=&#8221;.vc_custom_1490185790032{padding-bottom: 70px !important;}&#8221;][vc_raw_html]JTVCZGZsaXAlMjBpZCUzRCUyMjE3MTM3JTIyJTIwJTVEJTVCJTJGZGZsaXAlNUQ=[\/vc_raw_html][\/vc_column][\/vc_row][vc_row equal_height=&#8221;yes&#8221; bg_type=&#8221;image&#8221; parallax_style=&#8221;vcpb-vz-jquery&#8221; bg_image_new=&#8221;id^15295|url^http:\/\/seninlegercekolur.com\/wp-content\/uploads\/2017\/06\/hr-everyday-copy2.jpg|caption^null|alt^null|title^hr everyday copy2|description^null&#8221; bg_image_repeat=&#8221;no-repeat&#8221; bg_override=&#8221;ex-full&#8221; margin_bottom=&#8221;10&#8243; type=&#8221;vc_default&#8221; css=&#8221;.vc_custom_1498742338284{padding-top: 70px !important;padding-bottom: 40px !important;}&#8221;][vc_column css=&#8221;.vc_custom_1490185790032{padding-bottom: 70px !important;}&#8221;]<div id=\"ultimate-heading-496969d28e544d01f\" class=\"uvc-heading ult-adjust-bottom-margin ultimate-heading-496969d28e544d01f uvc-2150 \" data-hspacer=\"line_only\"  data-halign=\"center\" style=\"text-align:center\"><div class=\"uvc-main-heading ult-responsive\"  data-ultimate-target='.uvc-heading.ultimate-heading-496969d28e544d01f h2'  data-responsive-json-new='{\"font-size\":\"desktop:30px;\",\"line-height\":\"desktop:40px;\"}' ><h2 style=\"font-weight:bold;margin-bottom:15px;\">R\u00fc\u015fvet ve Yolsuzlukla M\u00fccadele Politikas\u0131<\/h2><\/div><div class=\"uvc-heading-spacer line_only\" style=\"margin-bottom:35px;height:3px;\"><span class=\"uvc-headings-line\" style=\"border-style:solid;border-bottom-width:3px;border-color:#e62449;width:100px;\"><\/span><\/div><\/div>[\/vc_column][\/vc_row][vc_row equal_height=&#8221;yes&#8221; bg_type=&#8221;image&#8221; parallax_style=&#8221;vcpb-vz-jquery&#8221; bg_image_new=&#8221;id^15295|url^http:\/\/seninlegercekolur.com\/wp-content\/uploads\/2017\/06\/hr-everyday-copy2.jpg|caption^null|alt^null|title^hr everyday copy2|description^null&#8221; bg_image_repeat=&#8221;no-repeat&#8221; bg_override=&#8221;ex-full&#8221; margin_bottom=&#8221;10&#8243; type=&#8221;vc_default&#8221; css=&#8221;.vc_custom_1498742338284{padding-top: 70px !important;padding-bottom: 40px !important;}&#8221;][vc_column css=&#8221;.vc_custom_1490185790032{padding-bottom: 70px !important;}&#8221;][vc_raw_html]JTVCZGZsaXAlMjBpZCUzRCUyMjE3MTM5JTIyJTIwJTVEJTVCJTJGZGZsaXAlNUQ=[\/vc_raw_html][\/vc_column][\/vc_row][vc_row equal_height=&#8221;yes&#8221; bg_type=&#8221;image&#8221; parallax_style=&#8221;vcpb-vz-jquery&#8221; bg_image_new=&#8221;id^15295|url^http:\/\/seninlegercekolur.com\/wp-content\/uploads\/2017\/06\/hr-everyday-copy2.jpg|caption^null|alt^null|title^hr everyday copy2|description^null&#8221; bg_image_repeat=&#8221;no-repeat&#8221; bg_override=&#8221;ex-full&#8221; margin_bottom=&#8221;10&#8243; type=&#8221;vc_default&#8221; css=&#8221;.vc_custom_1498742338284{padding-top: 70px !important;padding-bottom: 40px !important;}&#8221;][vc_column css=&#8221;.vc_custom_1490185790032{padding-bottom: 70px !important;}&#8221;]<div id=\"ultimate-heading-753269d28e544d04a\" class=\"uvc-heading ult-adjust-bottom-margin ultimate-heading-753269d28e544d04a uvc-4331 \" data-hspacer=\"line_only\"  data-halign=\"center\" style=\"text-align:center\"><div class=\"uvc-main-heading ult-responsive\"  data-ultimate-target='.uvc-heading.ultimate-heading-753269d28e544d04a h2'  data-responsive-json-new='{\"font-size\":\"desktop:30px;\",\"line-height\":\"desktop:40px;\"}' ><h2 style=\"font-weight:bold;margin-bottom:15px;\">Etik \u0130\u015f Politika ve Prosed\u00fcr\u00fc<\/h2><\/div><div class=\"uvc-heading-spacer line_only\" style=\"margin-bottom:35px;height:3px;\"><span class=\"uvc-headings-line\" style=\"border-style:solid;border-bottom-width:3px;border-color:#e62449;width:100px;\"><\/span><\/div><\/div>[\/vc_column][\/vc_row][vc_row equal_height=&#8221;yes&#8221; bg_type=&#8221;image&#8221; parallax_style=&#8221;vcpb-vz-jquery&#8221; bg_image_new=&#8221;id^15295|url^http:\/\/seninlegercekolur.com\/wp-content\/uploads\/2017\/06\/hr-everyday-copy2.jpg|caption^null|alt^null|title^hr everyday copy2|description^null&#8221; bg_image_repeat=&#8221;no-repeat&#8221; bg_override=&#8221;ex-full&#8221; margin_bottom=&#8221;10&#8243; type=&#8221;vc_default&#8221; css=&#8221;.vc_custom_1498742338284{padding-top: 70px !important;padding-bottom: 40px !important;}&#8221;][vc_column css=&#8221;.vc_custom_1490185790032{padding-bottom: 70px !important;}&#8221;][vc_raw_html]JTVCZGZsaXAlMjBpZCUzRCUyMjE3MTQyJTIyJTIwJTVEJTVCJTJGZGZsaXAlNUQ=[\/vc_raw_html][\/vc_column][\/vc_row][vc_column offset=&#8221;vc_col-lg-12 vc_col-md-12&#8243; css=&#8221;.vc_custom_1476030031960{padding-bottom: 10px !important;}&#8221;][\/vc_column]<\/p>\n","protected":false},"excerpt":{"rendered":"<p>[vc_row equal_height=&#8221;yes&#8221; bg_type=&#8221;image&#8221; parallax_style=&#8221;vcpb-vz-jquery&#8221; bg_image_new=&#8221;id^15295|url^http:\/\/seninlegercekolur.com\/wp-content\/uploads\/2017\/06\/hr-everyday-copy2.jpg|caption^null|alt^null|title^hr everyday copy2|description^null&#8221; bg_image_repeat=&#8221;no-repeat&#8221; bg_override=&#8221;ex-full&#8221; margin_bottom=&#8221;10&#8243; type=&#8221;vc_default&#8221; css=&#8221;.vc_custom_1498742338284{padding-top: 70px !important;padding-bottom: 40px !important;}&#8221;][vc_column css=&#8221;.vc_custom_1490185790032{padding-bottom: 70px !important;}&#8221;][\/vc_column][\/vc_row][vc_row equal_height=&#8221;yes&#8221; bg_type=&#8221;image&#8221; parallax_style=&#8221;vcpb-vz-jquery&#8221; bg_image_new=&#8221;id^15295|url^http:\/\/seninlegercekolur.com\/wp-content\/uploads\/2017\/06\/hr-everyday-copy2.jpg|caption^null|alt^null|title^hr everyday copy2|description^null&#8221; bg_image_repeat=&#8221;no-repeat&#8221; bg_override=&#8221;ex-full&#8221; margin_bottom=&#8221;10&#8243; type=&#8221;vc_default&#8221; css=&#8221;.vc_custom_1498742338284{padding-top: 70px !important;padding-bottom: 40px !important;}&#8221;][vc_column css=&#8221;.vc_custom_1490185790032{padding-bottom: 70px !important;}&#8221;][vc_raw_html]JTVCZGZsaXAlMjBpZCUzRCUyMjE3MTM3JTIyJTIwJTVEJTVCJTJGZGZsaXAlNUQ=[\/vc_raw_html][\/vc_column][\/vc_row][vc_row equal_height=&#8221;yes&#8221; bg_type=&#8221;image&#8221; parallax_style=&#8221;vcpb-vz-jquery&#8221; bg_image_new=&#8221;id^15295|url^http:\/\/seninlegercekolur.com\/wp-content\/uploads\/2017\/06\/hr-everyday-copy2.jpg|caption^null|alt^null|title^hr everyday copy2|description^null&#8221; bg_image_repeat=&#8221;no-repeat&#8221; bg_override=&#8221;ex-full&#8221; margin_bottom=&#8221;10&#8243; type=&#8221;vc_default&#8221; css=&#8221;.vc_custom_1498742338284{padding-top: 70px !important;padding-bottom: 40px !important;}&#8221;][vc_column css=&#8221;.vc_custom_1490185790032{padding-bottom: 70px !important;}&#8221;][\/vc_column][\/vc_row][vc_row&hellip;<\/p>\n","protected":false},"author":10,"featured_media":0,"parent":0,"menu_order":0,"comment_status":"closed","ping_status":"closed","template":"","meta":{"_monsterinsights_skip_tracking":false,"_monsterinsights_sitenote_active":false,"_monsterinsights_sitenote_note":"","_monsterinsights_sitenote_category":0},"class_list":["post-17133","page","type-page","status-publish","hentry","description-off"],"_links":{"self":[{"href":"https:\/\/dominotekstil.com.tr\/en\/wp-json\/wp\/v2\/pages\/17133","targetHints":{"allow":["GET"]}}],"collection":[{"href":"https:\/\/dominotekstil.com.tr\/en\/wp-json\/wp\/v2\/pages"}],"about":[{"href":"https:\/\/dominotekstil.com.tr\/en\/wp-json\/wp\/v2\/types\/page"}],"author":[{"embeddable":true,"href":"https:\/\/dominotekstil.com.tr\/en\/wp-json\/wp\/v2\/users\/10"}],"replies":[{"embeddable":true,"href":"https:\/\/dominotekstil.com.tr\/en\/wp-json\/wp\/v2\/comments?post=17133"}],"version-history":[{"count":4,"href":"https:\/\/dominotekstil.com.tr\/en\/wp-json\/wp\/v2\/pages\/17133\/revisions"}],"predecessor-version":[{"id":17149,"href":"https:\/\/dominotekstil.com.tr\/en\/wp-json\/wp\/v2\/pages\/17133\/revisions\/17149"}],"wp:attachment":[{"href":"https:\/\/dominotekstil.com.tr\/en\/wp-json\/wp\/v2\/media?parent=17133"}],"curies":[{"name":"wp","href":"https:\/\/api.w.org\/{rel}","templated":true}]}}