{"id":17110,"date":"2024-12-02T23:21:35","date_gmt":"2024-12-02T20:21:35","guid":{"rendered":"https:\/\/dominotekstil.com.tr\/?page_id=17110"},"modified":"2024-12-02T23:38:10","modified_gmt":"2024-12-02T20:38:10","slug":"sozun-gucu-2","status":"publish","type":"page","link":"https:\/\/dominotekstil.com.tr\/en\/sozun-gucu-2\/","title":{"rendered":"Duyarl\u0131 Dil Kullan\u0131m\u0131"},"content":{"rendered":"<p>[vc_row][vc_column][vc_raw_html]JTVCZGZsaXAlMjBpZCUzRCUyMjE3MTExJTIyJTIwJTVEJTVCJTJGZGZsaXAlNUQ=[\/vc_raw_html][\/vc_column][\/vc_row]<\/p>","protected":false},"excerpt":{"rendered":"<p>[vc_row][vc_column][vc_raw_html]JTVCZGZsaXAlMjBpZCUzRCUyMjE3MTExJTIyJTIwJTVEJTVCJTJGZGZsaXAlNUQ=[\/vc_raw_html][\/vc_column][\/vc_row]<\/p>\n","protected":false},"author":10,"featured_media":0,"parent":0,"menu_order":0,"comment_status":"closed","ping_status":"closed","template":"","meta":{"_monsterinsights_skip_tracking":false,"_monsterinsights_sitenote_active":false,"_monsterinsights_sitenote_note":"","_monsterinsights_sitenote_category":0},"class_list":["post-17110","page","type-page","status-publish","hentry","description-off"],"_links":{"self":[{"href":"https:\/\/dominotekstil.com.tr\/en\/wp-json\/wp\/v2\/pages\/17110","targetHints":{"allow":["GET"]}}],"collection":[{"href":"https:\/\/dominotekstil.com.tr\/en\/wp-json\/wp\/v2\/pages"}],"about":[{"href":"https:\/\/dominotekstil.com.tr\/en\/wp-json\/wp\/v2\/types\/page"}],"author":[{"embeddable":true,"href":"https:\/\/dominotekstil.com.tr\/en\/wp-json\/wp\/v2\/users\/10"}],"replies":[{"embeddable":true,"href":"https:\/\/dominotekstil.com.tr\/en\/wp-json\/wp\/v2\/comments?post=17110"}],"version-history":[{"count":3,"href":"https:\/\/dominotekstil.com.tr\/en\/wp-json\/wp\/v2\/pages\/17110\/revisions"}],"predecessor-version":[{"id":17120,"href":"https:\/\/dominotekstil.com.tr\/en\/wp-json\/wp\/v2\/pages\/17110\/revisions\/17120"}],"wp:attachment":[{"href":"https:\/\/dominotekstil.com.tr\/en\/wp-json\/wp\/v2\/media?parent=17110"}],"curies":[{"name":"wp","href":"https:\/\/api.w.org\/{rel}","templated":true}]}}