{"id":17093,"date":"2023-12-11T23:58:25","date_gmt":"2023-12-11T20:58:25","guid":{"rendered":"https:\/\/dominotekstil.com.tr\/?page_id=17093"},"modified":"2023-12-11T23:58:25","modified_gmt":"2023-12-11T20:58:25","slug":"birgirisimcilikhikayesi-umutoran","status":"publish","type":"page","link":"https:\/\/dominotekstil.com.tr\/en\/birgirisimcilikhikayesi-umutoran\/","title":{"rendered":"(Turkish) Bir Giri\u015fimcilik Hikayesi &#8211; Umut Oran ve Domino&#8217;nun \u0130lk 25 Y\u0131l\u0131"},"content":{"rendered":"<p class=\"qtranxs-available-languages-message qtranxs-available-languages-message-en\">Sorry, this entry is only available in <a href=\"https:\/\/dominotekstil.com.tr\/tr\/wp-json\/wp\/v2\/pages\/17093\" class=\"qtranxs-available-language-link qtranxs-available-language-link-tr\" title=\"Turkish\">Turkish<\/a>.<\/p>","protected":false},"excerpt":{"rendered":"<p>Sorry, this entry is only available in Turkish.<\/p>\n","protected":false},"author":10,"featured_media":0,"parent":0,"menu_order":0,"comment_status":"closed","ping_status":"closed","template":"","meta":{"_monsterinsights_skip_tracking":false,"_monsterinsights_sitenote_active":false,"_monsterinsights_sitenote_note":"","_monsterinsights_sitenote_category":0},"class_list":["post-17093","page","type-page","status-publish","hentry","description-off"],"_links":{"self":[{"href":"https:\/\/dominotekstil.com.tr\/en\/wp-json\/wp\/v2\/pages\/17093","targetHints":{"allow":["GET"]}}],"collection":[{"href":"https:\/\/dominotekstil.com.tr\/en\/wp-json\/wp\/v2\/pages"}],"about":[{"href":"https:\/\/dominotekstil.com.tr\/en\/wp-json\/wp\/v2\/types\/page"}],"author":[{"embeddable":true,"href":"https:\/\/dominotekstil.com.tr\/en\/wp-json\/wp\/v2\/users\/10"}],"replies":[{"embeddable":true,"href":"https:\/\/dominotekstil.com.tr\/en\/wp-json\/wp\/v2\/comments?post=17093"}],"version-history":[{"count":1,"href":"https:\/\/dominotekstil.com.tr\/en\/wp-json\/wp\/v2\/pages\/17093\/revisions"}],"predecessor-version":[{"id":17094,"href":"https:\/\/dominotekstil.com.tr\/en\/wp-json\/wp\/v2\/pages\/17093\/revisions\/17094"}],"wp:attachment":[{"href":"https:\/\/dominotekstil.com.tr\/en\/wp-json\/wp\/v2\/media?parent=17093"}],"curies":[{"name":"wp","href":"https:\/\/api.w.org\/{rel}","templated":true}]}}