{"id":15750,"date":"2018-09-20T15:12:04","date_gmt":"2018-09-20T12:12:04","guid":{"rendered":"https:\/\/dominotekstil.com.tr\/?page_id=15750"},"modified":"2019-10-14T12:53:41","modified_gmt":"2019-10-14T09:53:41","slug":"surdurulebilirlik","status":"publish","type":"page","link":"https:\/\/dominotekstil.com.tr\/en\/surdurulebilirlik\/","title":{"rendered":"S\u00fcrd\u00fcr\u00fclebilirlik"},"content":{"rendered":"<p>[vc_row bg_type=&#8221;u_iframe&#8221; u_video_url=&#8221;https:\/\/www.youtube.com\/watch?v=pOP-dSvDC0s&#8221; video_opts=&#8221;loop,muted&#8221; css=&#8221;.vc_custom_1539581087193{margin-bottom: 20px !important;padding-top: 50px !important;padding-right: 30px !important;padding-bottom: 50px !important;padding-left: 30px !important;}&#8221;][vc_column]<div id=\"ultimate-heading-926769f526683c037\" class=\"uvc-heading ult-adjust-bottom-margin ultimate-heading-926769f526683c037 uvc-2764  uvc-heading-default-font-sizes\" data-hspacer=\"no_spacer\"  data-halign=\"center\" style=\"text-align:center\"><div class=\"uvc-heading-spacer no_spacer\" style=\"top\"><\/div><div class=\"uvc-main-heading ult-responsive\"  data-ultimate-target='.uvc-heading.ultimate-heading-926769f526683c037 h2'  data-responsive-json-new='{\"font-size\":\"\",\"line-height\":\"\"}' ><h2 style=\"--font-weight:theme;color:#ffffff;\">S\u00fcrd\u00fcr\u00fclebilirlik<\/h2><\/div><\/div>[\/vc_column][\/vc_row][vc_row][vc_column width=&#8221;1\/4&#8243;]<div id=\"ultimate-heading-30669f526683c057\" class=\"uvc-heading ult-adjust-bottom-margin ultimate-heading-30669f526683c057 uvc-9057  uvc-heading-default-font-sizes\" data-hspacer=\"no_spacer\"  data-halign=\"center\" style=\"text-align:center\"><div class=\"uvc-heading-spacer no_spacer\" style=\"top\"><\/div><div class=\"uvc-sub-heading ult-responsive\"  data-ultimate-target='.uvc-heading.ultimate-heading-30669f526683c057 .uvc-sub-heading '  data-responsive-json-new='{\"font-size\":\"\",\"line-height\":\"\"}'  style=\"font-weight:normal;\"><img loading=\"lazy\" decoding=\"async\" class=\"alignnone wp-image-15763\" src=\"https:\/\/dominotekstil.com.tr\/wp-content\/uploads\/2018\/09\/organic100-300x300.png\" alt=\"\" width=\"130\" height=\"130\" srcset=\"https:\/\/dominotekstil.com.tr\/wp-content\/uploads\/2018\/09\/organic100-300x300.png 300w, https:\/\/dominotekstil.com.tr\/wp-content\/uploads\/2018\/09\/organic100-150x150.png 150w, https:\/\/dominotekstil.com.tr\/wp-content\/uploads\/2018\/09\/organic100.png 600w, https:\/\/dominotekstil.com.tr\/wp-content\/uploads\/2018\/09\/organic100-200x200.png 200w\" sizes=\"auto, (max-width: 130px) 100vw, 130px\" \/><img loading=\"lazy\" decoding=\"async\" class=\"alignnone wp-image-15764\" src=\"https:\/\/dominotekstil.com.tr\/wp-content\/uploads\/2018\/09\/organicblended-300x300.png\" alt=\"\" width=\"130\" height=\"130\" srcset=\"https:\/\/dominotekstil.com.tr\/wp-content\/uploads\/2018\/09\/organicblended-300x300.png 300w, https:\/\/dominotekstil.com.tr\/wp-content\/uploads\/2018\/09\/organicblended-150x150.png 150w, https:\/\/dominotekstil.com.tr\/wp-content\/uploads\/2018\/09\/organicblended.png 600w, https:\/\/dominotekstil.com.tr\/wp-content\/uploads\/2018\/09\/organicblended-200x200.png 200w\" sizes=\"auto, (max-width: 130px) 100vw, 130px\" \/><\/p>\n<p><a href=\"https:\/\/dominotekstil.com.tr\/wp-content\/uploads\/2018\/09\/ocsmaster.jpg\" target=\"_blank\" rel=\"https:\/\/dominotekstil.com.tr\/wp-content\/uploads\/2018\/09\/ocsmaster.jpg noopener noreferrer\"><img loading=\"lazy\" decoding=\"async\" class=\"alignnone wp-image-15792 size-medium\" src=\"https:\/\/dominotekstil.com.tr\/wp-content\/uploads\/2018\/09\/ocsmaster-235x300.jpg\" alt=\"\" width=\"235\" height=\"300\" srcset=\"https:\/\/dominotekstil.com.tr\/wp-content\/uploads\/2018\/09\/ocsmaster-235x300.jpg 235w, https:\/\/dominotekstil.com.tr\/wp-content\/uploads\/2018\/09\/ocsmaster-768x979.jpg 768w, https:\/\/dominotekstil.com.tr\/wp-content\/uploads\/2018\/09\/ocsmaster-804x1024.jpg 804w, https:\/\/dominotekstil.com.tr\/wp-content\/uploads\/2018\/09\/ocsmaster-600x765.jpg 600w, https:\/\/dominotekstil.com.tr\/wp-content\/uploads\/2018\/09\/ocsmaster.jpg 1240w\" sizes=\"auto, (max-width: 235px) 100vw, 235px\" \/><\/a><\/div><\/div>[\/vc_column][vc_column width=&#8221;1\/4&#8243;]<div id=\"ultimate-heading-520369f526683c06f\" class=\"uvc-heading ult-adjust-bottom-margin ultimate-heading-520369f526683c06f uvc-1661  uvc-heading-default-font-sizes\" data-hspacer=\"no_spacer\"  data-halign=\"center\" style=\"text-align:center\"><div class=\"uvc-heading-spacer no_spacer\" style=\"top\"><\/div><div class=\"uvc-sub-heading ult-responsive\"  data-ultimate-target='.uvc-heading.ultimate-heading-520369f526683c06f .uvc-sub-heading '  data-responsive-json-new='{\"font-size\":\"\",\"line-height\":\"\"}'  style=\"font-weight:normal;\"><img loading=\"lazy\" decoding=\"async\" class=\"alignnone wp-image-15768\" src=\"https:\/\/dominotekstil.com.tr\/wp-content\/uploads\/2018\/09\/bsci-300x144.png\" alt=\"\" width=\"232\" height=\"111\" srcset=\"https:\/\/dominotekstil.com.tr\/wp-content\/uploads\/2018\/09\/bsci-300x144.png 300w, https:\/\/dominotekstil.com.tr\/wp-content\/uploads\/2018\/09\/bsci-600x287.png 600w, https:\/\/dominotekstil.com.tr\/wp-content\/uploads\/2018\/09\/bsci.png 737w\" sizes=\"auto, (max-width: 232px) 100vw, 232px\" \/><\/p>\n<p><a href=\"https:\/\/dominotekstil.com.tr\/wp-content\/uploads\/2018\/09\/bsci.jpg\" target=\"_blank\" rel=\"https:\/\/dominotekstil.com.tr\/wp-content\/uploads\/2018\/09\/bsci.jpg noopener noreferrer\"><img loading=\"lazy\" decoding=\"async\" class=\"alignnone wp-image-15798 \" src=\"https:\/\/dominotekstil.com.tr\/wp-content\/uploads\/2018\/09\/bsci-300x123.jpg\" alt=\"\" width=\"327\" height=\"134\" srcset=\"https:\/\/dominotekstil.com.tr\/wp-content\/uploads\/2018\/09\/bsci-300x123.jpg 300w, https:\/\/dominotekstil.com.tr\/wp-content\/uploads\/2018\/09\/bsci.jpg 548w\" sizes=\"auto, (max-width: 327px) 100vw, 327px\" \/><\/a><\/p>\n<p>&nbsp;<\/p>\n<p><img loading=\"lazy\" decoding=\"async\" class=\"alignnone size-medium wp-image-15829\" src=\"https:\/\/dominotekstil.com.tr\/wp-content\/uploads\/2018\/10\/apparelcoalition-300x108.png\" alt=\"\" width=\"300\" height=\"108\" srcset=\"https:\/\/dominotekstil.com.tr\/wp-content\/uploads\/2018\/10\/apparelcoalition-300x108.png 300w, https:\/\/dominotekstil.com.tr\/wp-content\/uploads\/2018\/10\/apparelcoalition.png 353w\" sizes=\"auto, (max-width: 300px) 100vw, 300px\" \/><\/div><\/div>[\/vc_column][vc_column width=&#8221;1\/4&#8243;]<div id=\"ultimate-heading-734269f526683c081\" class=\"uvc-heading ult-adjust-bottom-margin ultimate-heading-734269f526683c081 uvc-4704  uvc-heading-default-font-sizes\" data-hspacer=\"no_spacer\"  data-halign=\"center\" style=\"text-align:center\"><div class=\"uvc-heading-spacer no_spacer\" style=\"top\"><\/div><div class=\"uvc-sub-heading ult-responsive\"  data-ultimate-target='.uvc-heading.ultimate-heading-734269f526683c081 .uvc-sub-heading '  data-responsive-json-new='{\"font-size\":\"\",\"line-height\":\"\"}'  style=\"font-weight:normal;\"><\/p>\n<p><img loading=\"lazy\" decoding=\"async\" class=\"alignnone wp-image-15770\" src=\"https:\/\/dominotekstil.com.tr\/wp-content\/uploads\/2018\/09\/sedex-300x80.png\" alt=\"\" width=\"338\" height=\"90\" srcset=\"https:\/\/dominotekstil.com.tr\/wp-content\/uploads\/2018\/09\/sedex-300x80.png 300w, https:\/\/dominotekstil.com.tr\/wp-content\/uploads\/2018\/09\/sedex.png 433w\" sizes=\"auto, (max-width: 338px) 100vw, 338px\" \/><\/p>\n<p>Company Reference: ZC172233935<\/div><\/div>[\/vc_column][vc_column width=&#8221;1\/4&#8243;]<div id=\"ultimate-heading-102069f526683c092\" class=\"uvc-heading ult-adjust-bottom-margin ultimate-heading-102069f526683c092 uvc-473  uvc-heading-default-font-sizes\" data-hspacer=\"no_spacer\"  data-halign=\"center\" style=\"text-align:center\"><div class=\"uvc-heading-spacer no_spacer\" style=\"top\"><\/div><div class=\"uvc-sub-heading ult-responsive\"  data-ultimate-target='.uvc-heading.ultimate-heading-102069f526683c092 .uvc-sub-heading '  data-responsive-json-new='{\"font-size\":\"\",\"line-height\":\"\"}'  style=\"font-weight:normal;\"><img loading=\"lazy\" decoding=\"async\" class=\"alignnone size-full wp-image-15824\" src=\"https:\/\/dominotekstil.com.tr\/wp-content\/uploads\/2018\/10\/tssa.png\" alt=\"\" width=\"249\" height=\"212\" \/><\/div><\/div>[\/vc_column][\/vc_row][vc_row][vc_column width=&#8221;1\/4&#8243;][\/vc_column][vc_column width=&#8221;1\/4&#8243;][\/vc_column][vc_column width=&#8221;1\/4&#8243;][\/vc_column][vc_column width=&#8221;1\/4&#8243;][\/vc_column][\/vc_row]<\/p>","protected":false},"excerpt":{"rendered":"<p>[vc_row bg_type=&#8221;u_iframe&#8221; u_video_url=&#8221;https:\/\/www.youtube.com\/watch?v=pOP-dSvDC0s&#8221; video_opts=&#8221;loop,muted&#8221; css=&#8221;.vc_custom_1539581087193{margin-bottom: 20px !important;padding-top: 50px !important;padding-right: 30px !important;padding-bottom: 50px !important;padding-left: 30px !important;}&#8221;][vc_column][\/vc_column][\/vc_row][vc_row][vc_column width=&#8221;1\/4&#8243;][\/vc_column][vc_column width=&#8221;1\/4&#8243;][\/vc_column][vc_column width=&#8221;1\/4&#8243;][\/vc_column][vc_column width=&#8221;1\/4&#8243;][\/vc_column][\/vc_row][vc_row][vc_column width=&#8221;1\/4&#8243;][\/vc_column][vc_column width=&#8221;1\/4&#8243;][\/vc_column][vc_column width=&#8221;1\/4&#8243;][\/vc_column][vc_column width=&#8221;1\/4&#8243;][\/vc_column][\/vc_row]<\/p>\n","protected":false},"author":5,"featured_media":0,"parent":0,"menu_order":0,"comment_status":"closed","ping_status":"closed","template":"","meta":{"_monsterinsights_skip_tracking":false,"_monsterinsights_sitenote_active":false,"_monsterinsights_sitenote_note":"","_monsterinsights_sitenote_category":0},"class_list":["post-15750","page","type-page","status-publish","hentry","description-off"],"_links":{"self":[{"href":"https:\/\/dominotekstil.com.tr\/en\/wp-json\/wp\/v2\/pages\/15750","targetHints":{"allow":["GET"]}}],"collection":[{"href":"https:\/\/dominotekstil.com.tr\/en\/wp-json\/wp\/v2\/pages"}],"about":[{"href":"https:\/\/dominotekstil.com.tr\/en\/wp-json\/wp\/v2\/types\/page"}],"author":[{"embeddable":true,"href":"https:\/\/dominotekstil.com.tr\/en\/wp-json\/wp\/v2\/users\/5"}],"replies":[{"embeddable":true,"href":"https:\/\/dominotekstil.com.tr\/en\/wp-json\/wp\/v2\/comments?post=15750"}],"version-history":[{"count":67,"href":"https:\/\/dominotekstil.com.tr\/en\/wp-json\/wp\/v2\/pages\/15750\/revisions"}],"predecessor-version":[{"id":16075,"href":"https:\/\/dominotekstil.com.tr\/en\/wp-json\/wp\/v2\/pages\/15750\/revisions\/16075"}],"wp:attachment":[{"href":"https:\/\/dominotekstil.com.tr\/en\/wp-json\/wp\/v2\/media?parent=15750"}],"curies":[{"name":"wp","href":"https:\/\/api.w.org\/{rel}","templated":true}]}}