{"id":15495,"date":"2017-11-08T19:45:33","date_gmt":"2017-11-08T16:45:33","guid":{"rendered":"http:\/\/seninlegercekolur.com\/?page_id=15495"},"modified":"2020-06-20T00:19:34","modified_gmt":"2020-06-19T21:19:34","slug":"bilgi-toplumu-hizmetleri","status":"publish","type":"page","link":"https:\/\/dominotekstil.com.tr\/en\/bilgi-toplumu-hizmetleri\/","title":{"rendered":"Bilgi Toplumu Hizmetleri"},"content":{"rendered":"<p>[vc_row][vc_column width=&#8221;1\/4&#8243;][vc_btn title=&#8221;\u00c7al\u0131\u015fma Esaslar\u0131&#8221; style=&#8221;3d&#8221; i_icon_fontawesome=&#8221;fa fa-folder&#8221; add_icon=&#8221;true&#8221; link=&#8221;url:http%3A%2F%2Fdominotekstil.com.tr%2Fwp-content%2Fuploads%2F2017%2F11%2FGENEL-KURUL-%C3%87ALI%C5%9EMA-ESASLARI-bilgi-toplum.pdf|||&#8221;][\/vc_column][vc_column width=&#8221;1\/4&#8243;][vc_btn title=&#8221;Toplant\u0131 Tutana\u011f\u0131&#8221; style=&#8221;3d&#8221; i_icon_fontawesome=&#8221;fa fa-folder&#8221; add_icon=&#8221;true&#8221; link=&#8221;url:http%3A%2F%2Fdominotekstil.com.tr%2Fwp-content%2Fuploads%2F2017%2F11%2FGENEL-KURUL-TOPLANTI-TUTANA%C4%9EI-bilgi-toplumu.pdf|||&#8221;][\/vc_column][vc_column width=&#8221;1\/4&#8243;][vc_btn title=&#8221;Pay Senedi Bast\u0131rma&#8221; style=&#8221;3d&#8221; i_icon_fontawesome=&#8221;fa fa-folder&#8221; add_icon=&#8221;true&#8221; link=&#8221;url:http%3A%2F%2Fdominotekstil.com.tr%2Fwp-content%2Fuploads%2F2017%2F11%2FPAY-SENED%C4%B0-BASTIRMA-KARARI-bilgi-toplum.pdf|||&#8221;][\/vc_column][vc_column width=&#8221;1\/4&#8243;][vc_btn title=&#8221;Temsil \u015eekilleri&#8221; style=&#8221;3d&#8221; i_icon_fontawesome=&#8221;fa fa-folder&#8221; add_icon=&#8221;true&#8221; link=&#8221;url:http%3A%2F%2Fdominotekstil.com.tr%2Fwp-content%2Fuploads%2F2017%2F11%2FYK-TEMS%C4%B0L-%C5%9EEK%C4%B0LLER%C4%B0bilgi-topplumu.pdf|||&#8221;][\/vc_column][\/vc_row]<\/p>\n","protected":false},"excerpt":{"rendered":"<p>[vc_row][vc_column width=&#8221;1\/4&#8243;][vc_btn title=&#8221;\u00c7al\u0131\u015fma Esaslar\u0131&#8221; style=&#8221;3d&#8221; i_icon_fontawesome=&#8221;fa fa-folder&#8221; add_icon=&#8221;true&#8221; link=&#8221;url:http%3A%2F%2Fdominotekstil.com.tr%2Fwp-content%2Fuploads%2F2017%2F11%2FGENEL-KURUL-%C3%87ALI%C5%9EMA-ESASLARI-bilgi-toplum.pdf|||&#8221;][\/vc_column][vc_column width=&#8221;1\/4&#8243;][vc_btn title=&#8221;Toplant\u0131 Tutana\u011f\u0131&#8221; style=&#8221;3d&#8221; i_icon_fontawesome=&#8221;fa fa-folder&#8221; add_icon=&#8221;true&#8221; link=&#8221;url:http%3A%2F%2Fdominotekstil.com.tr%2Fwp-content%2Fuploads%2F2017%2F11%2FGENEL-KURUL-TOPLANTI-TUTANA%C4%9EI-bilgi-toplumu.pdf|||&#8221;][\/vc_column][vc_column width=&#8221;1\/4&#8243;][vc_btn title=&#8221;Pay Senedi Bast\u0131rma&#8221; style=&#8221;3d&#8221; i_icon_fontawesome=&#8221;fa fa-folder&#8221; add_icon=&#8221;true&#8221; link=&#8221;url:http%3A%2F%2Fdominotekstil.com.tr%2Fwp-content%2Fuploads%2F2017%2F11%2FPAY-SENED%C4%B0-BASTIRMA-KARARI-bilgi-toplum.pdf|||&#8221;][\/vc_column][vc_column width=&#8221;1\/4&#8243;][vc_btn title=&#8221;Temsil \u015eekilleri&#8221; style=&#8221;3d&#8221; i_icon_fontawesome=&#8221;fa fa-folder&#8221; add_icon=&#8221;true&#8221; link=&#8221;url:http%3A%2F%2Fdominotekstil.com.tr%2Fwp-content%2Fuploads%2F2017%2F11%2FYK-TEMS%C4%B0L-%C5%9EEK%C4%B0LLER%C4%B0bilgi-topplumu.pdf|||&#8221;][\/vc_column][\/vc_row]<\/p>\n","protected":false},"author":6,"featured_media":0,"parent":0,"menu_order":0,"comment_status":"closed","ping_status":"closed","template":"","meta":{"_monsterinsights_skip_tracking":false,"_monsterinsights_sitenote_active":false,"_monsterinsights_sitenote_note":"","_monsterinsights_sitenote_category":0},"class_list":["post-15495","page","type-page","status-publish","hentry","description-off"],"_links":{"self":[{"href":"https:\/\/dominotekstil.com.tr\/en\/wp-json\/wp\/v2\/pages\/15495","targetHints":{"allow":["GET"]}}],"collection":[{"href":"https:\/\/dominotekstil.com.tr\/en\/wp-json\/wp\/v2\/pages"}],"about":[{"href":"https:\/\/dominotekstil.com.tr\/en\/wp-json\/wp\/v2\/types\/page"}],"author":[{"embeddable":true,"href":"https:\/\/dominotekstil.com.tr\/en\/wp-json\/wp\/v2\/users\/6"}],"replies":[{"embeddable":true,"href":"https:\/\/dominotekstil.com.tr\/en\/wp-json\/wp\/v2\/comments?post=15495"}],"version-history":[{"count":23,"href":"https:\/\/dominotekstil.com.tr\/en\/wp-json\/wp\/v2\/pages\/15495\/revisions"}],"predecessor-version":[{"id":15600,"href":"https:\/\/dominotekstil.com.tr\/en\/wp-json\/wp\/v2\/pages\/15495\/revisions\/15600"}],"wp:attachment":[{"href":"https:\/\/dominotekstil.com.tr\/en\/wp-json\/wp\/v2\/media?parent=15495"}],"curies":[{"name":"wp","href":"https:\/\/api.w.org\/{rel}","templated":true}]}}