{"id":15147,"date":"2017-06-23T11:06:41","date_gmt":"2017-06-23T08:06:41","guid":{"rendered":"http:\/\/seninlegercekolur.com\/?page_id=15147"},"modified":"2017-06-30T15:59:13","modified_gmt":"2017-06-30T12:59:13","slug":"satis-pazarlama","status":"publish","type":"page","link":"https:\/\/dominotekstil.com.tr\/en\/satis-pazarlama\/","title":{"rendered":"Sat\u0131\u015f Pazarlama"},"content":{"rendered":"<p><span class=\"dept\">\u0130cra Kurulu \u00dcyesi &#8211; Sat\u0131\u015f Pazarlama ve Sat\u0131nalma M\u00fcd\u00fcr\u00fc<\/span><\/p>\n<p><span class=\"dept_isim\">Onur Ta\u015f\u00e7\u0131o\u011flu<\/span><\/p>\n<p><b>E-mail:\u00a0<\/b><a href=\"mailto:onur.tascioglu@dominotekstil.com.tr\">onur.tascioglu@dominotekstil.com.tr<\/a><\/p>\n<p>&nbsp;<\/p>\n<p><strong>Sat\u0131\u015f &amp; Pazarlama<\/strong>; 17 y\u0131ll\u0131k bir tecr\u00fcbeye sahip olan, kendini g\u00fcn ve g\u00fcn teknolojiye, yeni pazarlara ve yeni bulu\u015flara entegre eden bir departmand\u0131r. Departman\u0131n en \u00f6nemli, en kilit karakteri &#8220;<strong>M\u00fc\u015fteri odakl\u0131<\/strong>&#8221; olmas\u0131d\u0131r. Her zaman &#8220;<strong>En iyi, en h\u0131zl\u0131 servis<\/strong>&#8221; ilkemiz olmu\u015ftur. S\u00fcrekli faaliyet halinde olmak kendini yenilemek vizyonumuzdur. Misyonumuz ise her zaman daha iyi olmakt\u0131r, \u00f6n\u00fcne 1 set daha \u00e7ekip o seti de a\u015fmaya \u00e7al\u0131\u015fmakt\u0131r.<\/p>\n<p>\u00c7al\u0131\u015ft\u0131\u011f\u0131m\u0131z Pazar ve ortaklar D\u00fcnya \u00e7ap\u0131nda k\u00f6kl\u00fc ve en \u00f6nemlileridir. \u201cOrtak\u201d kelimesi sat\u0131\u015f&amp;pazarlama departman\u0131n\u0131n \u00fczerinde durdu\u011fu bir kavramd\u0131r. Felsefe: M\u00fc\u015fteri her zaman Sat\u0131\u015f&amp;Pazarlama departman\u0131 i\u00e7in kendisinin \u201corta\u011f\u0131d\u0131r\u201d. Kendileri i\u00e7in M\u00fc\u015fteri k\u0131sa vadeli , \u201cortak\u201d ise uzun vadeli bir kavramd\u0131r.<\/p>\n<p>\u201dOrtak\u201d hareket etmek , \u201cortak\u201d gibi d\u00fc\u015f\u00fcnmek , \u201cortak\u201d hedefe beraber ula\u015fmak\u2026<\/p>\n<p>Sat\u0131\u015f&amp;Pazarlaman\u0131n \u00f6ncelikli konular\u0131ndan biri de m\u00fc\u015fterilerini her zaman koleksiyon yard\u0131m\u0131yla beslemek ve yeniliklerle desteklemektir;<\/p>\n<p>\u2022 Yenilik\u00e7i ve ara\u015ft\u0131rmac\u0131 kimli\u011fimizle kuma\u015f, y\u0131kama teknikleri gibi ara\u015ft\u0131rmalarla m\u00fc\u015fterilerine daha yak\u0131n \u00e7al\u0131\u015fmakta olup m\u00fc\u015fteri memnuniyetini artt\u0131rmakta ve t\u00fcm yeni \u00fcr\u00fcnlerini showroomlar\u0131nda m\u00fc\u015fterilere sunmaktay\u0131z. \u2022 Model dizayn\u0131 ve kendini i\u015fe adam\u0131\u015f, \u00fcr\u00fcn geli\u015ftirme ve dizayn ekibimiz ile m\u00fc\u015fteri memnuniyetini en \u00fcst seviye ta\u015f\u0131maktay\u0131z. Daha y\u00fcksek kalitede hizmet verebilmek i\u00e7in, mevcut teknolojimizin geli\u015ftirilmesinin yan\u0131 s\u0131ra yurtd\u0131\u015f\u0131ndan uygulanan teknolojiler yapm\u0131\u015f oldu\u011fumuz ara\u015ft\u0131rmalar sonucunda kullan\u0131larak m\u00fc\u015fterilerimize sunulmakta ve m\u00fc\u015fterilerimize daha yak\u0131n \u00e7al\u0131\u015fmam\u0131z\u0131 sa\u011flamaktay\u0131z. Bu da m\u00fc\u015fteri memnuniyetine g\u00f6sterdi\u011fimiz hassasiyetin gere\u011fidir.<\/p>","protected":false},"excerpt":{"rendered":"<p>\u0130cra Kurulu \u00dcyesi &#8211; Sat\u0131\u015f Pazarlama ve Sat\u0131nalma M\u00fcd\u00fcr\u00fc Onur Ta\u015f\u00e7\u0131o\u011flu E-mail:\u00a0onur.tascioglu@dominotekstil.com.tr &nbsp; Sat\u0131\u015f &amp; Pazarlama; 17 y\u0131ll\u0131k bir tecr\u00fcbeye sahip olan, kendini g\u00fcn ve g\u00fcn teknolojiye, yeni pazarlara ve yeni bulu\u015flara entegre eden bir departmand\u0131r. Departman\u0131n en \u00f6nemli, en kilit karakteri &#8220;M\u00fc\u015fteri odakl\u0131&#8221; olmas\u0131d\u0131r. Her zaman &#8220;En iyi, en h\u0131zl\u0131 servis&#8221; ilkemiz olmu\u015ftur. S\u00fcrekli&hellip;<\/p>\n","protected":false},"author":5,"featured_media":0,"parent":0,"menu_order":0,"comment_status":"closed","ping_status":"closed","template":"","meta":{"_monsterinsights_skip_tracking":false,"_monsterinsights_sitenote_active":false,"_monsterinsights_sitenote_note":"","_monsterinsights_sitenote_category":0},"class_list":["post-15147","page","type-page","status-publish","hentry","description-off"],"_links":{"self":[{"href":"https:\/\/dominotekstil.com.tr\/en\/wp-json\/wp\/v2\/pages\/15147","targetHints":{"allow":["GET"]}}],"collection":[{"href":"https:\/\/dominotekstil.com.tr\/en\/wp-json\/wp\/v2\/pages"}],"about":[{"href":"https:\/\/dominotekstil.com.tr\/en\/wp-json\/wp\/v2\/types\/page"}],"author":[{"embeddable":true,"href":"https:\/\/dominotekstil.com.tr\/en\/wp-json\/wp\/v2\/users\/5"}],"replies":[{"embeddable":true,"href":"https:\/\/dominotekstil.com.tr\/en\/wp-json\/wp\/v2\/comments?post=15147"}],"version-history":[{"count":8,"href":"https:\/\/dominotekstil.com.tr\/en\/wp-json\/wp\/v2\/pages\/15147\/revisions"}],"predecessor-version":[{"id":15372,"href":"https:\/\/dominotekstil.com.tr\/en\/wp-json\/wp\/v2\/pages\/15147\/revisions\/15372"}],"wp:attachment":[{"href":"https:\/\/dominotekstil.com.tr\/en\/wp-json\/wp\/v2\/media?parent=15147"}],"curies":[{"name":"wp","href":"https:\/\/api.w.org\/{rel}","templated":true}]}}