{"id":15143,"date":"2017-06-23T11:04:25","date_gmt":"2017-06-23T08:04:25","guid":{"rendered":"http:\/\/seninlegercekolur.com\/?page_id=15143"},"modified":"2025-06-30T15:16:19","modified_gmt":"2025-06-30T12:16:19","slug":"yonetim-kurulu","status":"publish","type":"page","link":"https:\/\/dominotekstil.com.tr\/en\/yonetim-kurulu\/","title":{"rendered":"Board of Management"},"content":{"rendered":"<p>[vc_row bg_type=&#8221;image&#8221; parallax_style=&#8221;vcpb-vz-jquery&#8221; bg_image_new=&#8221;id^15323|url^http:\/\/seninlegercekolur.com\/wp-content\/uploads\/2017\/06\/yonetim-kurulu.jpg|caption^null|alt^null|title^yonetim-kurulu|description^null&#8221; bg_image_repeat=&#8221;no-repeat&#8221; bg_override=&#8221;ex-full&#8221; enable_overlay=&#8221;enable_overlay_value&#8221; overlay_color=&#8221;rgba(0,0,0,0.5)&#8221; overlay_pattern=&#8221;transperant&#8221; overlay_pattern_opacity=&#8221;25&#8243; margin_top=&#8221;-50&#8243; type=&#8221;vc_default&#8221; css=&#8221;.vc_custom_1498806951699{padding-top: 10% !important;padding-bottom: 10% !important;background-color: #000000 !important;}&#8221;][vc_column offset=&#8221;vc_col-lg-12 vc_col-md-12&#8243; css=&#8221;.vc_custom_1476030031960{padding-bottom: 10px !important;}&#8221;]<div id=\"ultimate-heading-393369e3863b657fe\" class=\"uvc-heading ult-adjust-bottom-margin ultimate-heading-393369e3863b657fe uvc-714 accent-title-color\" data-hspacer=\"no_spacer\"  data-halign=\"center\" style=\"text-align:center\"><div class=\"uvc-heading-spacer no_spacer\" style=\"top\"><\/div><div class=\"uvc-main-heading ult-responsive\"  data-ultimate-target='.uvc-heading.ultimate-heading-393369e3863b657fe h2'  data-responsive-json-new='{\"font-size\":\"desktop:34px;mobile_landscape:22px;mobile:22px;\",\"line-height\":\"desktop:46px;mobile_landscape:32px;mobile:32px;\"}' ><h2 style=\"font-family:&#039;Raleway&#039;;font-weight:700;color:#ffffff;\">Board of Management<\/h2><\/div><\/div>[\/vc_column][\/vc_row][vc_row gap=&#8221;35&#8243; equal_height=&#8221;yes&#8221; bg_type=&#8221;bg_color&#8221; bg_override=&#8221;ex-full&#8221; type=&#8221;vc_default&#8221; css=&#8221;.vc_custom_1498806735108{margin-top: -80px !important;padding-top: 70px !important;padding-right: 25px !important;padding-bottom: 80px !important;padding-left: 25px !important;background-color: #f4f4f4 !important;}&#8221; el_id=&#8221;about_us&#8221; bg_color_value=&#8221;#f4f4f4&#8243;][vc_column width=&#8221;1\/3&#8243;][vc_single_image image=&#8221;16917&#8243; img_size=&#8221;full&#8221; alignment=&#8221;center&#8221;][vc_column_text]<\/p>\n<h4 style=\"text-align: center;\">Neval AKG\u00dcN<\/h4>\n<h6 style=\"text-align: center;\">Chairman<\/h6>\n<p style=\"text-align: center;\"><a href=\"mailto:neval.akgun@dominotekstil.com.tr\">neval.akgun@dominotekstil.com.tr<\/a><\/p>\n<p>[\/vc_column_text][\/vc_column][vc_column width=&#8221;1\/3&#8243;][vc_single_image image=&#8221;16918&#8243; img_size=&#8221;full&#8221; alignment=&#8221;center&#8221;][vc_column_text]<\/p>\n<h4 style=\"text-align: center;\">Berk TAKTA\u015e<\/h4>\n<h6 style=\"text-align: center;\">Deputy Chairman<br \/>\nMarketing and Strategy<\/h6>\n<p style=\"text-align: center;\"><a href=\"mailto:berk.taktas@dominotekstil.com.tr\">berk.taktas@dominotekstil.com.tr<\/a><\/p>\n<p>[\/vc_column_text][\/vc_column][vc_column width=&#8221;1\/3&#8243;][vc_single_image image=&#8221;16916&#8243; img_size=&#8221;full&#8221; alignment=&#8221;center&#8221;][vc_column_text]<\/p>\n<h4 style=\"text-align: center;\">N. Levent KOCAAYDIN<\/h4>\n<h6 style=\"text-align: center;\">Member<\/h6>\n<p style=\"text-align: center;\"><a href=\"mailto:levent.kocaaydin@dominotekstil.com.tr\">levent.kocaaydin@dominotekstil.com.tr<\/a><\/p>\n<p>[\/vc_column_text][\/vc_column][\/vc_row][vc_row gap=&#8221;35&#8243; equal_height=&#8221;yes&#8221; bg_type=&#8221;bg_color&#8221; bg_override=&#8221;ex-full&#8221; type=&#8221;vc_default&#8221; css=&#8221;.vc_custom_1498806735108{margin-top: -80px !important;padding-top: 70px !important;padding-right: 25px !important;padding-bottom: 80px !important;padding-left: 25px !important;background-color: #f4f4f4 !important;}&#8221; bg_color_value=&#8221;#f4f4f4&#8243;][vc_column width=&#8221;1\/2&#8243;][vc_single_image image=&#8221;16919&#8243; img_size=&#8221;full&#8221; alignment=&#8221;center&#8221;][vc_column_text]<\/p>\n<h4 style=\"text-align: center;\">Beg\u00fcm YA\u011eCI TAKTA\u015e<\/h4>\n<h6 style=\"text-align: center;\">Member<br \/>\nSustainability<\/h6>\n<p style=\"text-align: center;\"><a href=\"mailto:begum.yagci@dominotekstil.com.tr\">begum.yagci@dominotekstil.com.tr<\/a><\/p>\n<p>[\/vc_column_text][\/vc_column][vc_column width=&#8221;1\/2&#8243;][vc_single_image image=&#8221;17153&#8243; img_size=&#8221;full&#8221; alignment=&#8221;center&#8221;][vc_column_text]<\/p>\n<h4 style=\"text-align: center;\">Fatih M. Akg\u00fcn<\/h4>\n<h6 style=\"text-align: center;\">Member<\/h6>\n<p style=\"text-align: center;\"><a href=\"mailto:fatih.akgun@dominotekstil.com.tr\">fatih.akgun@dominotekstil.com.tr<\/a><\/p>\n<p>[\/vc_column_text][\/vc_column][\/vc_row]<\/p>","protected":false},"excerpt":{"rendered":"<p>[vc_row bg_type=&#8221;image&#8221; parallax_style=&#8221;vcpb-vz-jquery&#8221; bg_image_new=&#8221;id^15323|url^http:\/\/seninlegercekolur.com\/wp-content\/uploads\/2017\/06\/yonetim-kurulu.jpg|caption^null|alt^null|title^yonetim-kurulu|description^null&#8221; bg_image_repeat=&#8221;no-repeat&#8221; bg_override=&#8221;ex-full&#8221; enable_overlay=&#8221;enable_overlay_value&#8221; overlay_color=&#8221;rgba(0,0,0,0.5)&#8221; overlay_pattern=&#8221;transperant&#8221; overlay_pattern_opacity=&#8221;25&#8243; margin_top=&#8221;-50&#8243; type=&#8221;vc_default&#8221; css=&#8221;.vc_custom_1498806951699{padding-top: 10% !important;padding-bottom: 10% !important;background-color: #000000 !important;}&#8221;][vc_column offset=&#8221;vc_col-lg-12 vc_col-md-12&#8243; css=&#8221;.vc_custom_1476030031960{padding-bottom: 10px !important;}&#8221;][\/vc_column][\/vc_row][vc_row gap=&#8221;35&#8243; equal_height=&#8221;yes&#8221; bg_type=&#8221;bg_color&#8221; bg_override=&#8221;ex-full&#8221; type=&#8221;vc_default&#8221; css=&#8221;.vc_custom_1498806735108{margin-top: -80px !important;padding-top: 70px !important;padding-right: 25px !important;padding-bottom: 80px !important;padding-left: 25px !important;background-color: #f4f4f4 !important;}&#8221; el_id=&#8221;about_us&#8221; bg_color_value=&#8221;#f4f4f4&#8243;][vc_column width=&#8221;1\/3&#8243;][vc_single_image image=&#8221;16917&#8243; img_size=&#8221;full&#8221; alignment=&#8221;center&#8221;][vc_column_text] Neval AKG\u00dcN Chairman neval.akgun@dominotekstil.com.tr [\/vc_column_text][\/vc_column][vc_column width=&#8221;1\/3&#8243;][vc_single_image image=&#8221;16918&#8243;&hellip;<\/p>\n","protected":false},"author":6,"featured_media":0,"parent":0,"menu_order":0,"comment_status":"closed","ping_status":"closed","template":"","meta":{"_monsterinsights_skip_tracking":false,"_monsterinsights_sitenote_active":false,"_monsterinsights_sitenote_note":"","_monsterinsights_sitenote_category":0},"class_list":["post-15143","page","type-page","status-publish","hentry","description-off"],"_links":{"self":[{"href":"https:\/\/dominotekstil.com.tr\/en\/wp-json\/wp\/v2\/pages\/15143","targetHints":{"allow":["GET"]}}],"collection":[{"href":"https:\/\/dominotekstil.com.tr\/en\/wp-json\/wp\/v2\/pages"}],"about":[{"href":"https:\/\/dominotekstil.com.tr\/en\/wp-json\/wp\/v2\/types\/page"}],"author":[{"embeddable":true,"href":"https:\/\/dominotekstil.com.tr\/en\/wp-json\/wp\/v2\/users\/6"}],"replies":[{"embeddable":true,"href":"https:\/\/dominotekstil.com.tr\/en\/wp-json\/wp\/v2\/comments?post=15143"}],"version-history":[{"count":93,"href":"https:\/\/dominotekstil.com.tr\/en\/wp-json\/wp\/v2\/pages\/15143\/revisions"}],"predecessor-version":[{"id":17156,"href":"https:\/\/dominotekstil.com.tr\/en\/wp-json\/wp\/v2\/pages\/15143\/revisions\/17156"}],"wp:attachment":[{"href":"https:\/\/dominotekstil.com.tr\/en\/wp-json\/wp\/v2\/media?parent=15143"}],"curies":[{"name":"wp","href":"https:\/\/api.w.org\/{rel}","templated":true}]}}